{"id":968,"date":"2019-04-15T19:51:31","date_gmt":"2019-04-15T17:51:31","guid":{"rendered":"http:\/\/www.indiaca-kolmer.lu\/?page_id=968"},"modified":"2019-04-15T19:55:22","modified_gmt":"2019-04-15T17:55:22","slug":"indiaca-reegelen","status":"publish","type":"page","link":"https:\/\/www.indiaca-kolmer.lu\/index.php\/indiaca-reegelen\/","title":{"rendered":"Indiaca-Reegelen"},"content":{"rendered":"\n<p>Download here the Basic Indiaca Rules:<\/p>\n\n\n\n<p><a href=\"http:\/\/www.indiaca-iia.com\/wp-content\/uploads\/2017\/10\/BIR2018.pdf\">http:\/\/www.indiaca-iia.com\/wp-content\/uploads\/2017\/10\/BIR2018.pdf<\/a><\/p>\n\n\n\n<p>Download here the Official Indiaca Rules:<\/p>\n\n\n\n<p><a href=\"http:\/\/www.indiaca-iia.com\/wp-content\/uploads\/2017\/10\/OIR2018.pdf\">http:\/\/www.indiaca-iia.com\/wp-content\/uploads\/2017\/10\/OIR2018.pdf<\/a><\/p>\n\n\n\n<p>An hei d\u00e9i Reegelen d\u00e9i 2018 dob\u00e4i komm sinn&#8230;<\/p>\n\n\n\n<figure class=\"wp-block-embed-wordpress wp-block-embed is-type-wp-embed is-provider-international-indiaca-association\"><div class=\"wp-block-embed__wrapper\">\n<blockquote class=\"wp-embedded-content\" data-secret=\"l4NPmZ3cNn\"><a href=\"http:\/\/www.indiaca-iia.com\/indiaca-rules-edition-2018\/\">Indiaca rules, Edition 2018<\/a><\/blockquote><iframe loading=\"lazy\" class=\"wp-embedded-content\" sandbox=\"allow-scripts\" security=\"restricted\" style=\"position: absolute; visibility: hidden;\" title=\"&#8220;Indiaca rules, Edition 2018&#8221; &#8212; INTERNATIONAL INDIACA ASSOCIATION\" src=\"http:\/\/www.indiaca-iia.com\/indiaca-rules-edition-2018\/embed\/#?secret=SS7ug5OXab#?secret=l4NPmZ3cNn\" data-secret=\"l4NPmZ3cNn\" width=\"500\" height=\"282\" frameborder=\"0\" marginwidth=\"0\" marginheight=\"0\" scrolling=\"no\"><\/iframe>\n<\/div><\/figure>\n","protected":false},"excerpt":{"rendered":"<p>Download here the Basic Indiaca Rules: http:\/\/www.indiaca-iia.com\/wp-content\/uploads\/2017\/10\/BIR2018.pdf Download here the Official Indiaca Rules: http:\/\/www.indiaca-iia.com\/wp-content\/uploads\/2017\/10\/OIR2018.pdf An hei d\u00e9i Reegelen d\u00e9i 2018 dob\u00e4i komm sinn&#8230;<\/p>\n","protected":false},"author":2,"featured_media":0,"parent":0,"menu_order":0,"comment_status":"closed","ping_status":"closed","template":"","meta":{"footnotes":""},"class_list":["post-968","page","type-page","status-publish","hentry"],"_links":{"self":[{"href":"https:\/\/www.indiaca-kolmer.lu\/index.php\/wp-json\/wp\/v2\/pages\/968","targetHints":{"allow":["GET"]}}],"collection":[{"href":"https:\/\/www.indiaca-kolmer.lu\/index.php\/wp-json\/wp\/v2\/pages"}],"about":[{"href":"https:\/\/www.indiaca-kolmer.lu\/index.php\/wp-json\/wp\/v2\/types\/page"}],"author":[{"embeddable":true,"href":"https:\/\/www.indiaca-kolmer.lu\/index.php\/wp-json\/wp\/v2\/users\/2"}],"replies":[{"embeddable":true,"href":"https:\/\/www.indiaca-kolmer.lu\/index.php\/wp-json\/wp\/v2\/comments?post=968"}],"version-history":[{"count":4,"href":"https:\/\/www.indiaca-kolmer.lu\/index.php\/wp-json\/wp\/v2\/pages\/968\/revisions"}],"predecessor-version":[{"id":972,"href":"https:\/\/www.indiaca-kolmer.lu\/index.php\/wp-json\/wp\/v2\/pages\/968\/revisions\/972"}],"wp:attachment":[{"href":"https:\/\/www.indiaca-kolmer.lu\/index.php\/wp-json\/wp\/v2\/media?parent=968"}],"curies":[{"name":"wp","href":"https:\/\/api.w.org\/{rel}","templated":true}]}}