{"id":1097,"date":"2019-06-22T14:32:50","date_gmt":"2019-06-22T12:32:50","guid":{"rendered":"http:\/\/www.indiaca-kolmer.lu\/?page_id=1097"},"modified":"2019-06-29T23:47:29","modified_gmt":"2019-06-29T21:47:29","slug":"besuch-um-schlass-bierg","status":"publish","type":"page","link":"https:\/\/www.indiaca-kolmer.lu\/index.php\/besuch-um-schlass-bierg\/","title":{"rendered":"Besuch um Schlass Bierg"},"content":{"rendered":"\n<p>D&#8217;Ver\u00e4iner an d&#8217;Awunner aus der Gemeng Kolmer goufen b\u00e9i d&#8217;Groussherrzoglech Famill op eng Receptioun an de Schlasspark agelueden. Mir haten d&#8217;\u00c9ier e bessen mat hinnen ze schw\u00e4tzen.&nbsp;<\/p>\n\n\n\n<figure class=\"wp-block-image\"><img loading=\"lazy\" decoding=\"async\" width=\"1024\" height=\"768\" src=\"https:\/\/www.indiaca-kolmer.lu\/wp-content\/uploads\/2019\/06\/IMG_20190621_195439-1024x768.jpg\" alt=\"\" class=\"wp-image-1100\" srcset=\"https:\/\/www.indiaca-kolmer.lu\/wp-content\/uploads\/2019\/06\/IMG_20190621_195439-1024x768.jpg 1024w, https:\/\/www.indiaca-kolmer.lu\/wp-content\/uploads\/2019\/06\/IMG_20190621_195439-300x225.jpg 300w, https:\/\/www.indiaca-kolmer.lu\/wp-content\/uploads\/2019\/06\/IMG_20190621_195439-768x576.jpg 768w\" sizes=\"auto, (max-width: 1024px) 100vw, 1024px\" \/><\/figure>\n\n\n\n<figure class=\"wp-block-image\"><img loading=\"lazy\" decoding=\"async\" width=\"1024\" height=\"768\" src=\"https:\/\/www.indiaca-kolmer.lu\/wp-content\/uploads\/2019\/06\/IMG_20190621_202251-1024x768.jpg\" alt=\"\" class=\"wp-image-1101\" srcset=\"https:\/\/www.indiaca-kolmer.lu\/wp-content\/uploads\/2019\/06\/IMG_20190621_202251-1024x768.jpg 1024w, https:\/\/www.indiaca-kolmer.lu\/wp-content\/uploads\/2019\/06\/IMG_20190621_202251-300x225.jpg 300w, https:\/\/www.indiaca-kolmer.lu\/wp-content\/uploads\/2019\/06\/IMG_20190621_202251-768x576.jpg 768w\" sizes=\"auto, (max-width: 1024px) 100vw, 1024px\" \/><\/figure>\n\n\n\n<figure class=\"wp-block-image\"><img loading=\"lazy\" decoding=\"async\" width=\"1024\" height=\"576\" src=\"https:\/\/www.indiaca-kolmer.lu\/wp-content\/uploads\/2019\/06\/64804440_2242680872434921_7911427800450465792_o-1024x576.jpg\" alt=\"\" class=\"wp-image-1125\" srcset=\"https:\/\/www.indiaca-kolmer.lu\/wp-content\/uploads\/2019\/06\/64804440_2242680872434921_7911427800450465792_o-1024x576.jpg 1024w, https:\/\/www.indiaca-kolmer.lu\/wp-content\/uploads\/2019\/06\/64804440_2242680872434921_7911427800450465792_o-300x169.jpg 300w, https:\/\/www.indiaca-kolmer.lu\/wp-content\/uploads\/2019\/06\/64804440_2242680872434921_7911427800450465792_o-768x432.jpg 768w, https:\/\/www.indiaca-kolmer.lu\/wp-content\/uploads\/2019\/06\/64804440_2242680872434921_7911427800450465792_o.jpg 2048w\" sizes=\"auto, (max-width: 1024px) 100vw, 1024px\" \/><\/figure>\n\n\n\n<figure class=\"wp-block-image\"><img loading=\"lazy\" decoding=\"async\" width=\"768\" height=\"1024\" src=\"https:\/\/www.indiaca-kolmer.lu\/wp-content\/uploads\/2019\/06\/IMG_20190621_181042-768x1024.jpg\" alt=\"\" class=\"wp-image-1103\" srcset=\"https:\/\/www.indiaca-kolmer.lu\/wp-content\/uploads\/2019\/06\/IMG_20190621_181042-768x1024.jpg 768w, https:\/\/www.indiaca-kolmer.lu\/wp-content\/uploads\/2019\/06\/IMG_20190621_181042-225x300.jpg 225w\" sizes=\"auto, (max-width: 768px) 100vw, 768px\" \/><\/figure>\n\n\n\n<figure class=\"wp-block-image\"><img loading=\"lazy\" decoding=\"async\" width=\"1024\" height=\"682\" src=\"https:\/\/www.indiaca-kolmer.lu\/wp-content\/uploads\/2019\/06\/laurent-blum1-1024x682.jpeg\" alt=\"\" class=\"wp-image-1115\" srcset=\"https:\/\/www.indiaca-kolmer.lu\/wp-content\/uploads\/2019\/06\/laurent-blum1-1024x682.jpeg 1024w, https:\/\/www.indiaca-kolmer.lu\/wp-content\/uploads\/2019\/06\/laurent-blum1-300x200.jpeg 300w, https:\/\/www.indiaca-kolmer.lu\/wp-content\/uploads\/2019\/06\/laurent-blum1-768x512.jpeg 768w, https:\/\/www.indiaca-kolmer.lu\/wp-content\/uploads\/2019\/06\/laurent-blum1.jpeg 1240w\" sizes=\"auto, (max-width: 1024px) 100vw, 1024px\" \/><figcaption>Source: wort.lu &#8211; Laurent Blum<\/figcaption><\/figure>\n\n\n\n<figure class=\"wp-block-image\"><img loading=\"lazy\" decoding=\"async\" width=\"1024\" height=\"682\" src=\"https:\/\/www.indiaca-kolmer.lu\/wp-content\/uploads\/2019\/06\/laurent-blum3-1024x682.jpeg\" alt=\"\" class=\"wp-image-1116\" srcset=\"https:\/\/www.indiaca-kolmer.lu\/wp-content\/uploads\/2019\/06\/laurent-blum3-1024x682.jpeg 1024w, https:\/\/www.indiaca-kolmer.lu\/wp-content\/uploads\/2019\/06\/laurent-blum3-300x200.jpeg 300w, https:\/\/www.indiaca-kolmer.lu\/wp-content\/uploads\/2019\/06\/laurent-blum3-768x512.jpeg 768w, https:\/\/www.indiaca-kolmer.lu\/wp-content\/uploads\/2019\/06\/laurent-blum3.jpeg 1240w\" sizes=\"auto, (max-width: 1024px) 100vw, 1024px\" \/><figcaption>Source: wort.lu &#8211; Laurent Blum<\/figcaption><\/figure>\n\n\n\n<figure class=\"wp-block-image\"><img loading=\"lazy\" decoding=\"async\" width=\"1024\" height=\"682\" src=\"https:\/\/www.indiaca-kolmer.lu\/wp-content\/uploads\/2019\/06\/e3065bad1d1e517daf20c30f5c04494e34153867-1024x682.jpeg\" alt=\"\" class=\"wp-image-1117\" srcset=\"https:\/\/www.indiaca-kolmer.lu\/wp-content\/uploads\/2019\/06\/e3065bad1d1e517daf20c30f5c04494e34153867-1024x682.jpeg 1024w, https:\/\/www.indiaca-kolmer.lu\/wp-content\/uploads\/2019\/06\/e3065bad1d1e517daf20c30f5c04494e34153867-300x200.jpeg 300w, https:\/\/www.indiaca-kolmer.lu\/wp-content\/uploads\/2019\/06\/e3065bad1d1e517daf20c30f5c04494e34153867-768x512.jpeg 768w, https:\/\/www.indiaca-kolmer.lu\/wp-content\/uploads\/2019\/06\/e3065bad1d1e517daf20c30f5c04494e34153867.jpeg 1240w\" sizes=\"auto, (max-width: 1024px) 100vw, 1024px\" \/><figcaption>Source: wort.lu &#8211; Laurent Blum<\/figcaption><\/figure>\n\n\n\n<figure class=\"wp-block-image\"><img loading=\"lazy\" decoding=\"async\" width=\"1024\" height=\"682\" src=\"https:\/\/www.indiaca-kolmer.lu\/wp-content\/uploads\/2019\/06\/laurent-blum4-1024x682.jpeg\" alt=\"\" class=\"wp-image-1119\" srcset=\"https:\/\/www.indiaca-kolmer.lu\/wp-content\/uploads\/2019\/06\/laurent-blum4-1024x682.jpeg 1024w, https:\/\/www.indiaca-kolmer.lu\/wp-content\/uploads\/2019\/06\/laurent-blum4-300x200.jpeg 300w, https:\/\/www.indiaca-kolmer.lu\/wp-content\/uploads\/2019\/06\/laurent-blum4-768x512.jpeg 768w, https:\/\/www.indiaca-kolmer.lu\/wp-content\/uploads\/2019\/06\/laurent-blum4.jpeg 1240w\" sizes=\"auto, (max-width: 1024px) 100vw, 1024px\" \/><figcaption>Source: wort.lu &#8211; Laurent Blum<\/figcaption><\/figure>\n\n\n\n<figure class=\"wp-block-image\"><img loading=\"lazy\" decoding=\"async\" width=\"1024\" height=\"682\" src=\"https:\/\/www.indiaca-kolmer.lu\/wp-content\/uploads\/2019\/06\/laurent-blum5-1024x682.jpeg\" alt=\"\" class=\"wp-image-1120\" srcset=\"https:\/\/www.indiaca-kolmer.lu\/wp-content\/uploads\/2019\/06\/laurent-blum5-1024x682.jpeg 1024w, https:\/\/www.indiaca-kolmer.lu\/wp-content\/uploads\/2019\/06\/laurent-blum5-300x200.jpeg 300w, https:\/\/www.indiaca-kolmer.lu\/wp-content\/uploads\/2019\/06\/laurent-blum5-768x512.jpeg 768w, https:\/\/www.indiaca-kolmer.lu\/wp-content\/uploads\/2019\/06\/laurent-blum5.jpeg 1240w\" sizes=\"auto, (max-width: 1024px) 100vw, 1024px\" \/><figcaption>Source: wort.lu &#8211; Laurent Blum<\/figcaption><\/figure>\n\n\n\n<figure class=\"wp-block-image\"><img loading=\"lazy\" decoding=\"async\" width=\"576\" height=\"1024\" src=\"https:\/\/www.indiaca-kolmer.lu\/wp-content\/uploads\/2019\/06\/64660091_2242679459101729_4910696199851343872_o-576x1024.jpg\" alt=\"\" class=\"wp-image-1122\" srcset=\"https:\/\/www.indiaca-kolmer.lu\/wp-content\/uploads\/2019\/06\/64660091_2242679459101729_4910696199851343872_o-576x1024.jpg 576w, https:\/\/www.indiaca-kolmer.lu\/wp-content\/uploads\/2019\/06\/64660091_2242679459101729_4910696199851343872_o-169x300.jpg 169w, https:\/\/www.indiaca-kolmer.lu\/wp-content\/uploads\/2019\/06\/64660091_2242679459101729_4910696199851343872_o-768x1365.jpg 768w, https:\/\/www.indiaca-kolmer.lu\/wp-content\/uploads\/2019\/06\/64660091_2242679459101729_4910696199851343872_o.jpg 1152w\" sizes=\"auto, (max-width: 576px) 100vw, 576px\" \/><\/figure>\n\n\n\n<figure class=\"wp-block-image\"><img loading=\"lazy\" decoding=\"async\" width=\"1024\" height=\"768\" src=\"https:\/\/www.indiaca-kolmer.lu\/wp-content\/uploads\/2019\/06\/IMG-20190621-WA0024-1024x768.jpg\" alt=\"\" class=\"wp-image-1123\" srcset=\"https:\/\/www.indiaca-kolmer.lu\/wp-content\/uploads\/2019\/06\/IMG-20190621-WA0024-1024x768.jpg 1024w, https:\/\/www.indiaca-kolmer.lu\/wp-content\/uploads\/2019\/06\/IMG-20190621-WA0024-300x225.jpg 300w, https:\/\/www.indiaca-kolmer.lu\/wp-content\/uploads\/2019\/06\/IMG-20190621-WA0024-768x576.jpg 768w, https:\/\/www.indiaca-kolmer.lu\/wp-content\/uploads\/2019\/06\/IMG-20190621-WA0024.jpg 1472w\" sizes=\"auto, (max-width: 1024px) 100vw, 1024px\" \/><\/figure>\n\n\n\n<figure class=\"wp-block-image\"><img loading=\"lazy\" decoding=\"async\" width=\"1024\" height=\"768\" src=\"https:\/\/www.indiaca-kolmer.lu\/wp-content\/uploads\/2019\/06\/IMG_20190621_202240-1-1024x768.jpg\" alt=\"\" class=\"wp-image-1124\" srcset=\"https:\/\/www.indiaca-kolmer.lu\/wp-content\/uploads\/2019\/06\/IMG_20190621_202240-1-1024x768.jpg 1024w, https:\/\/www.indiaca-kolmer.lu\/wp-content\/uploads\/2019\/06\/IMG_20190621_202240-1-300x225.jpg 300w, https:\/\/www.indiaca-kolmer.lu\/wp-content\/uploads\/2019\/06\/IMG_20190621_202240-1-768x576.jpg 768w\" sizes=\"auto, (max-width: 1024px) 100vw, 1024px\" \/><\/figure>\n\n\n\n<figure class=\"wp-block-image\"><img loading=\"lazy\" decoding=\"async\" width=\"518\" height=\"1024\" src=\"https:\/\/www.indiaca-kolmer.lu\/wp-content\/uploads\/2019\/06\/64936831_2242680402434968_1813953014826795008_o-518x1024.jpg\" alt=\"\" class=\"wp-image-1126\" srcset=\"https:\/\/www.indiaca-kolmer.lu\/wp-content\/uploads\/2019\/06\/64936831_2242680402434968_1813953014826795008_o-518x1024.jpg 518w, https:\/\/www.indiaca-kolmer.lu\/wp-content\/uploads\/2019\/06\/64936831_2242680402434968_1813953014826795008_o-152x300.jpg 152w, https:\/\/www.indiaca-kolmer.lu\/wp-content\/uploads\/2019\/06\/64936831_2242680402434968_1813953014826795008_o-768x1520.jpg 768w, https:\/\/www.indiaca-kolmer.lu\/wp-content\/uploads\/2019\/06\/64936831_2242680402434968_1813953014826795008_o.jpg 1035w\" sizes=\"auto, (max-width: 518px) 100vw, 518px\" \/><\/figure>\n\n\n\n<figure class=\"wp-block-image\"><img loading=\"lazy\" decoding=\"async\" width=\"1024\" height=\"1024\" src=\"https:\/\/www.indiaca-kolmer.lu\/wp-content\/uploads\/2019\/06\/65161084_2242679709101704_3331355588884955136_o-1024x1024.jpg\" alt=\"\" class=\"wp-image-1127\" srcset=\"https:\/\/www.indiaca-kolmer.lu\/wp-content\/uploads\/2019\/06\/65161084_2242679709101704_3331355588884955136_o-1024x1024.jpg 1024w, https:\/\/www.indiaca-kolmer.lu\/wp-content\/uploads\/2019\/06\/65161084_2242679709101704_3331355588884955136_o-150x150.jpg 150w, https:\/\/www.indiaca-kolmer.lu\/wp-content\/uploads\/2019\/06\/65161084_2242679709101704_3331355588884955136_o-300x300.jpg 300w, https:\/\/www.indiaca-kolmer.lu\/wp-content\/uploads\/2019\/06\/65161084_2242679709101704_3331355588884955136_o-768x768.jpg 768w, https:\/\/www.indiaca-kolmer.lu\/wp-content\/uploads\/2019\/06\/65161084_2242679709101704_3331355588884955136_o.jpg 2048w\" sizes=\"auto, (max-width: 1024px) 100vw, 1024px\" \/><\/figure>\n\n\n\n\n\n<figure class=\"wp-block-image\"><img loading=\"lazy\" decoding=\"async\" width=\"1024\" height=\"602\" src=\"https:\/\/www.indiaca-kolmer.lu\/wp-content\/uploads\/2019\/06\/DSC05037-2-1024x602.jpg\" alt=\"\" class=\"wp-image-1217\" srcset=\"https:\/\/www.indiaca-kolmer.lu\/wp-content\/uploads\/2019\/06\/DSC05037-2-1024x602.jpg 1024w, https:\/\/www.indiaca-kolmer.lu\/wp-content\/uploads\/2019\/06\/DSC05037-2-300x176.jpg 300w, https:\/\/www.indiaca-kolmer.lu\/wp-content\/uploads\/2019\/06\/DSC05037-2-768x451.jpg 768w\" sizes=\"auto, (max-width: 1024px) 100vw, 1024px\" \/><\/figure>\n\n\n\n<figure class=\"wp-block-image\"><img loading=\"lazy\" decoding=\"async\" width=\"1024\" height=\"755\" src=\"https:\/\/www.indiaca-kolmer.lu\/wp-content\/uploads\/2019\/06\/DSC05029-2-1024x755.jpg\" alt=\"\" class=\"wp-image-1218\" srcset=\"https:\/\/www.indiaca-kolmer.lu\/wp-content\/uploads\/2019\/06\/DSC05029-2-1024x755.jpg 1024w, https:\/\/www.indiaca-kolmer.lu\/wp-content\/uploads\/2019\/06\/DSC05029-2-300x221.jpg 300w, https:\/\/www.indiaca-kolmer.lu\/wp-content\/uploads\/2019\/06\/DSC05029-2-768x566.jpg 768w\" sizes=\"auto, (max-width: 1024px) 100vw, 1024px\" \/><\/figure>\n\n\n\n<figure class=\"wp-block-image\"><img loading=\"lazy\" decoding=\"async\" width=\"1024\" height=\"631\" src=\"https:\/\/www.indiaca-kolmer.lu\/wp-content\/uploads\/2019\/06\/DSC05047-2-1024x631.jpg\" alt=\"\" class=\"wp-image-1219\" srcset=\"https:\/\/www.indiaca-kolmer.lu\/wp-content\/uploads\/2019\/06\/DSC05047-2-1024x631.jpg 1024w, https:\/\/www.indiaca-kolmer.lu\/wp-content\/uploads\/2019\/06\/DSC05047-2-300x185.jpg 300w, https:\/\/www.indiaca-kolmer.lu\/wp-content\/uploads\/2019\/06\/DSC05047-2-768x473.jpg 768w\" sizes=\"auto, (max-width: 1024px) 100vw, 1024px\" \/><\/figure>\n\n\n\n<figure class=\"wp-block-image\"><img loading=\"lazy\" decoding=\"async\" width=\"1024\" height=\"658\" src=\"https:\/\/www.indiaca-kolmer.lu\/wp-content\/uploads\/2019\/06\/DSC05048-2-1024x658.jpg\" alt=\"\" class=\"wp-image-1221\" srcset=\"https:\/\/www.indiaca-kolmer.lu\/wp-content\/uploads\/2019\/06\/DSC05048-2-1024x658.jpg 1024w, https:\/\/www.indiaca-kolmer.lu\/wp-content\/uploads\/2019\/06\/DSC05048-2-300x193.jpg 300w, https:\/\/www.indiaca-kolmer.lu\/wp-content\/uploads\/2019\/06\/DSC05048-2-768x493.jpg 768w\" sizes=\"auto, (max-width: 1024px) 100vw, 1024px\" \/><\/figure>\n\n\n\n<figure class=\"wp-block-image\"><img loading=\"lazy\" decoding=\"async\" width=\"1024\" height=\"655\" src=\"https:\/\/www.indiaca-kolmer.lu\/wp-content\/uploads\/2019\/06\/DSC05039-2-1024x655.jpg\" alt=\"\" class=\"wp-image-1222\" srcset=\"https:\/\/www.indiaca-kolmer.lu\/wp-content\/uploads\/2019\/06\/DSC05039-2-1024x655.jpg 1024w, https:\/\/www.indiaca-kolmer.lu\/wp-content\/uploads\/2019\/06\/DSC05039-2-300x192.jpg 300w, https:\/\/www.indiaca-kolmer.lu\/wp-content\/uploads\/2019\/06\/DSC05039-2-768x492.jpg 768w\" sizes=\"auto, (max-width: 1024px) 100vw, 1024px\" \/><\/figure>\n\n\n\n<figure class=\"wp-block-image\"><img loading=\"lazy\" decoding=\"async\" width=\"1024\" height=\"576\" src=\"https:\/\/www.indiaca-kolmer.lu\/wp-content\/uploads\/2019\/06\/DSC05055-2-1024x576.jpg\" alt=\"\" class=\"wp-image-1223\" srcset=\"https:\/\/www.indiaca-kolmer.lu\/wp-content\/uploads\/2019\/06\/DSC05055-2-1024x576.jpg 1024w, https:\/\/www.indiaca-kolmer.lu\/wp-content\/uploads\/2019\/06\/DSC05055-2-300x169.jpg 300w, https:\/\/www.indiaca-kolmer.lu\/wp-content\/uploads\/2019\/06\/DSC05055-2-768x432.jpg 768w\" sizes=\"auto, (max-width: 1024px) 100vw, 1024px\" \/><\/figure>\n","protected":false},"excerpt":{"rendered":"<p>D&#8217;Ver\u00e4iner an d&#8217;Awunner aus der Gemeng Kolmer goufen b\u00e9i d&#8217;Groussherrzoglech Famill op eng Receptioun an de Schlasspark agelueden. Mir haten d&#8217;\u00c9ier e bessen mat hinnen ze schw\u00e4tzen.&nbsp;<\/p>\n","protected":false},"author":2,"featured_media":0,"parent":0,"menu_order":0,"comment_status":"closed","ping_status":"closed","template":"","meta":{"footnotes":""},"class_list":["post-1097","page","type-page","status-publish","hentry"],"_links":{"self":[{"href":"https:\/\/www.indiaca-kolmer.lu\/index.php\/wp-json\/wp\/v2\/pages\/1097","targetHints":{"allow":["GET"]}}],"collection":[{"href":"https:\/\/www.indiaca-kolmer.lu\/index.php\/wp-json\/wp\/v2\/pages"}],"about":[{"href":"https:\/\/www.indiaca-kolmer.lu\/index.php\/wp-json\/wp\/v2\/types\/page"}],"author":[{"embeddable":true,"href":"https:\/\/www.indiaca-kolmer.lu\/index.php\/wp-json\/wp\/v2\/users\/2"}],"replies":[{"embeddable":true,"href":"https:\/\/www.indiaca-kolmer.lu\/index.php\/wp-json\/wp\/v2\/comments?post=1097"}],"version-history":[{"count":6,"href":"https:\/\/www.indiaca-kolmer.lu\/index.php\/wp-json\/wp\/v2\/pages\/1097\/revisions"}],"predecessor-version":[{"id":1224,"href":"https:\/\/www.indiaca-kolmer.lu\/index.php\/wp-json\/wp\/v2\/pages\/1097\/revisions\/1224"}],"wp:attachment":[{"href":"https:\/\/www.indiaca-kolmer.lu\/index.php\/wp-json\/wp\/v2\/media?parent=1097"}],"curies":[{"name":"wp","href":"https:\/\/api.w.org\/{rel}","templated":true}]}}