{"id":1077,"date":"2019-06-12T22:41:30","date_gmt":"2019-06-12T20:41:30","guid":{"rendered":"http:\/\/www.indiaca-kolmer.lu\/?page_id=1077"},"modified":"2026-03-15T17:44:42","modified_gmt":"2026-03-15T15:44:42","slug":"harenekipp","status":"publish","type":"page","link":"https:\/\/www.indiaca-kolmer.lu\/index.php\/harenekipp\/","title":{"rendered":"H\u00e4renekipp"},"content":{"rendered":"\n<p>Eis H\u00e4renekipp (2025\/26)<\/p>\n<p><a href=\"https:\/\/www.indiaca-kolmer.lu\/wp-content\/uploads\/2026\/03\/IMG_20260128_220013-scaled.jpg\"><img loading=\"lazy\" decoding=\"async\" class=\"aligncenter size-large wp-image-1688\" src=\"https:\/\/www.indiaca-kolmer.lu\/wp-content\/uploads\/2026\/03\/IMG_20260128_220013-768x1024.jpg\" alt=\"\" width=\"768\" height=\"1024\" srcset=\"https:\/\/www.indiaca-kolmer.lu\/wp-content\/uploads\/2026\/03\/IMG_20260128_220013-768x1024.jpg 768w, https:\/\/www.indiaca-kolmer.lu\/wp-content\/uploads\/2026\/03\/IMG_20260128_220013-225x300.jpg 225w, https:\/\/www.indiaca-kolmer.lu\/wp-content\/uploads\/2026\/03\/IMG_20260128_220013-1152x1536.jpg 1152w, https:\/\/www.indiaca-kolmer.lu\/wp-content\/uploads\/2026\/03\/IMG_20260128_220013-1536x2048.jpg 1536w, https:\/\/www.indiaca-kolmer.lu\/wp-content\/uploads\/2026\/03\/IMG_20260128_220013-scaled.jpg 1920w\" sizes=\"auto, (max-width: 768px) 100vw, 768px\" \/><\/a>Absent: Robert a Kevin<\/p>\n<p>Eis H\u00e4renekipp (2024\/25)<\/p>\n<p><a href=\"https:\/\/www.indiaca-kolmer.lu\/wp-content\/uploads\/2025\/04\/Big.png\"><img loading=\"lazy\" decoding=\"async\" class=\"aligncenter wp-image-1639 size-large\" src=\"https:\/\/www.indiaca-kolmer.lu\/wp-content\/uploads\/2025\/04\/Big-1024x971.png\" alt=\"\" width=\"1024\" height=\"971\" srcset=\"https:\/\/www.indiaca-kolmer.lu\/wp-content\/uploads\/2025\/04\/Big-1024x971.png 1024w, https:\/\/www.indiaca-kolmer.lu\/wp-content\/uploads\/2025\/04\/Big-300x285.png 300w, https:\/\/www.indiaca-kolmer.lu\/wp-content\/uploads\/2025\/04\/Big-768x729.png 768w, https:\/\/www.indiaca-kolmer.lu\/wp-content\/uploads\/2025\/04\/Big-1536x1457.png 1536w, https:\/\/www.indiaca-kolmer.lu\/wp-content\/uploads\/2025\/04\/Big.png 1617w\" sizes=\"auto, (max-width: 1024px) 100vw, 1024px\" \/>Rouven Watgen &#8211; Pol Kasel &#8211; Robert Medjugorac &#8211; Marc Neues &#8211; Tom Schaack &#8211; Gr\u00e9gory Sebert &#8211; Kevin Otten (missing)<\/a><\/p>\n<p>Eis H\u00e4renekipp (2021\/22)<\/p>\n<p><a href=\"https:\/\/www.indiaca-kolmer.lu\/wp-content\/uploads\/2022\/05\/WhatsApp-Image-2022-05-24-at-15.00.12.jpeg\"><img loading=\"lazy\" decoding=\"async\" class=\"alignnone size-full wp-image-1592\" src=\"https:\/\/www.indiaca-kolmer.lu\/wp-content\/uploads\/2022\/05\/WhatsApp-Image-2022-05-24-at-15.00.12.jpeg\" alt=\"\" width=\"2000\" height=\"1500\" srcset=\"https:\/\/www.indiaca-kolmer.lu\/wp-content\/uploads\/2022\/05\/WhatsApp-Image-2022-05-24-at-15.00.12.jpeg 2000w, https:\/\/www.indiaca-kolmer.lu\/wp-content\/uploads\/2022\/05\/WhatsApp-Image-2022-05-24-at-15.00.12-300x225.jpeg 300w, https:\/\/www.indiaca-kolmer.lu\/wp-content\/uploads\/2022\/05\/WhatsApp-Image-2022-05-24-at-15.00.12-1024x768.jpeg 1024w, https:\/\/www.indiaca-kolmer.lu\/wp-content\/uploads\/2022\/05\/WhatsApp-Image-2022-05-24-at-15.00.12-768x576.jpeg 768w, https:\/\/www.indiaca-kolmer.lu\/wp-content\/uploads\/2022\/05\/WhatsApp-Image-2022-05-24-at-15.00.12-1536x1152.jpeg 1536w\" sizes=\"auto, (max-width: 2000px) 100vw, 2000px\" \/><\/a><\/p>\n\n\n\n<p>Eis H\u00e4renekipp (2019)<\/p>\n\n\n\n<figure class=\"wp-block-image\"><img loading=\"lazy\" decoding=\"async\" width=\"1024\" height=\"768\" src=\"http:\/\/www.indiaca-kolmer.lu\/wp-content\/uploads\/2019\/04\/IMG_20181208_153328_1-1024x768.jpg\" alt=\"\" class=\"wp-image-867\" srcset=\"https:\/\/www.indiaca-kolmer.lu\/wp-content\/uploads\/2019\/04\/IMG_20181208_153328_1-1024x768.jpg 1024w, https:\/\/www.indiaca-kolmer.lu\/wp-content\/uploads\/2019\/04\/IMG_20181208_153328_1-300x225.jpg 300w, https:\/\/www.indiaca-kolmer.lu\/wp-content\/uploads\/2019\/04\/IMG_20181208_153328_1-768x576.jpg 768w\" sizes=\"auto, (max-width: 1024px) 100vw, 1024px\" \/><\/figure>\n\n\n\n<p>Eis H\u00e4renekipp (2018)<\/p>\n\n\n\n<figure class=\"wp-block-image\"><img loading=\"lazy\" decoding=\"async\" width=\"1024\" height=\"683\" src=\"http:\/\/www.indiaca-kolmer.lu\/wp-content\/uploads\/2018\/04\/DSCF0383-1024x683.jpg\" alt=\"\" class=\"wp-image-531\" srcset=\"https:\/\/www.indiaca-kolmer.lu\/wp-content\/uploads\/2018\/04\/DSCF0383-1024x683.jpg 1024w, https:\/\/www.indiaca-kolmer.lu\/wp-content\/uploads\/2018\/04\/DSCF0383-300x200.jpg 300w, https:\/\/www.indiaca-kolmer.lu\/wp-content\/uploads\/2018\/04\/DSCF0383-768x512.jpg 768w\" sizes=\"auto, (max-width: 1024px) 100vw, 1024px\" \/><\/figure>\n\n\n\n\n\n<figure class=\"wp-block-image\"><img loading=\"lazy\" decoding=\"async\" width=\"1024\" height=\"683\" src=\"http:\/\/www.indiaca-kolmer.lu\/wp-content\/uploads\/2018\/04\/DSCF0385-1024x683.jpg\" alt=\"\" class=\"wp-image-533\" srcset=\"https:\/\/www.indiaca-kolmer.lu\/wp-content\/uploads\/2018\/04\/DSCF0385-1024x683.jpg 1024w, https:\/\/www.indiaca-kolmer.lu\/wp-content\/uploads\/2018\/04\/DSCF0385-300x200.jpg 300w, https:\/\/www.indiaca-kolmer.lu\/wp-content\/uploads\/2018\/04\/DSCF0385-768x512.jpg 768w\" sizes=\"auto, (max-width: 1024px) 100vw, 1024px\" \/><\/figure>\n\n\n\n<p>Eis H\u00e4renekipp (2016)<\/p>\n\n\n\n<figure class=\"wp-block-image\"><img loading=\"lazy\" decoding=\"async\" width=\"960\" height=\"720\" src=\"http:\/\/www.indiaca-kolmer.lu\/wp-content\/uploads\/2019\/06\/13007343_10208964447729285_8413662937024304607_n.jpg\" alt=\"\" class=\"wp-image-1078\" srcset=\"https:\/\/www.indiaca-kolmer.lu\/wp-content\/uploads\/2019\/06\/13007343_10208964447729285_8413662937024304607_n.jpg 960w, https:\/\/www.indiaca-kolmer.lu\/wp-content\/uploads\/2019\/06\/13007343_10208964447729285_8413662937024304607_n-300x225.jpg 300w, https:\/\/www.indiaca-kolmer.lu\/wp-content\/uploads\/2019\/06\/13007343_10208964447729285_8413662937024304607_n-768x576.jpg 768w\" sizes=\"auto, (max-width: 960px) 100vw, 960px\" \/><\/figure>\n","protected":false},"excerpt":{"rendered":"<p>Eis H\u00e4renekipp (2025\/26) Absent: Robert a Kevin Eis H\u00e4renekipp (2024\/25) Rouven Watgen &#8211; Pol Kasel &#8211; Robert Medjugorac &#8211; Marc Neues &#8211; Tom Schaack &#8211; Gr\u00e9gory Sebert &#8211; Kevin Otten (missing) Eis H\u00e4renekipp (2021\/22) Eis H\u00e4renekipp (2019) Eis H\u00e4renekipp (2018) Eis H\u00e4renekipp (2016)<\/p>\n","protected":false},"author":2,"featured_media":0,"parent":0,"menu_order":0,"comment_status":"closed","ping_status":"closed","template":"","meta":{"footnotes":""},"class_list":["post-1077","page","type-page","status-publish","hentry"],"_links":{"self":[{"href":"https:\/\/www.indiaca-kolmer.lu\/index.php\/wp-json\/wp\/v2\/pages\/1077","targetHints":{"allow":["GET"]}}],"collection":[{"href":"https:\/\/www.indiaca-kolmer.lu\/index.php\/wp-json\/wp\/v2\/pages"}],"about":[{"href":"https:\/\/www.indiaca-kolmer.lu\/index.php\/wp-json\/wp\/v2\/types\/page"}],"author":[{"embeddable":true,"href":"https:\/\/www.indiaca-kolmer.lu\/index.php\/wp-json\/wp\/v2\/users\/2"}],"replies":[{"embeddable":true,"href":"https:\/\/www.indiaca-kolmer.lu\/index.php\/wp-json\/wp\/v2\/comments?post=1077"}],"version-history":[{"count":5,"href":"https:\/\/www.indiaca-kolmer.lu\/index.php\/wp-json\/wp\/v2\/pages\/1077\/revisions"}],"predecessor-version":[{"id":1691,"href":"https:\/\/www.indiaca-kolmer.lu\/index.php\/wp-json\/wp\/v2\/pages\/1077\/revisions\/1691"}],"wp:attachment":[{"href":"https:\/\/www.indiaca-kolmer.lu\/index.php\/wp-json\/wp\/v2\/media?parent=1077"}],"curies":[{"name":"wp","href":"https:\/\/api.w.org\/{rel}","templated":true}]}}