{"id":1029,"date":"2019-04-29T22:25:07","date_gmt":"2019-04-29T20:25:07","guid":{"rendered":"http:\/\/www.indiaca-kolmer.lu\/?page_id=1029"},"modified":"2019-12-11T00:46:48","modified_gmt":"2019-12-10T22:46:48","slug":"haren","status":"publish","type":"page","link":"https:\/\/www.indiaca-kolmer.lu\/index.php\/haren\/","title":{"rendered":"H\u00e4ren"},"content":{"rendered":"\n<p>Saison 2019\/20<\/p>\n\n\n\n<figure class=\"wp-block-image\"><img loading=\"lazy\" decoding=\"async\" width=\"1024\" height=\"680\" src=\"https:\/\/www.indiaca-kolmer.lu\/wp-content\/uploads\/2019\/12\/ha\u0300eren-1024x680.png\" alt=\"\" class=\"wp-image-1473\" srcset=\"https:\/\/www.indiaca-kolmer.lu\/wp-content\/uploads\/2019\/12\/ha\u0300eren-1024x680.png 1024w, https:\/\/www.indiaca-kolmer.lu\/wp-content\/uploads\/2019\/12\/ha\u0300eren-300x199.png 300w, https:\/\/www.indiaca-kolmer.lu\/wp-content\/uploads\/2019\/12\/ha\u0300eren-768x510.png 768w\" sizes=\"auto, (max-width: 1024px) 100vw, 1024px\" \/><\/figure>\n\n\n\n<p>Saison 2018\/19<\/p>\n\n\n\n<p>D\u00ebst Joer kruten mer d\u00e9i 3. Plaaz bei den H\u00e4eren an der Coupe \ud83d\ude42<\/p>\n\n\n\n<figure class=\"wp-block-image\"><img loading=\"lazy\" decoding=\"async\" width=\"1024\" height=\"664\" src=\"https:\/\/www.indiaca-kolmer.lu\/wp-content\/uploads\/2019\/06\/Ha\u0308renCoupe2019-1024x664.png\" alt=\"\" class=\"wp-image-1063\" srcset=\"https:\/\/www.indiaca-kolmer.lu\/wp-content\/uploads\/2019\/06\/Ha\u0308renCoupe2019-1024x664.png 1024w, https:\/\/www.indiaca-kolmer.lu\/wp-content\/uploads\/2019\/06\/Ha\u0308renCoupe2019-300x194.png 300w, https:\/\/www.indiaca-kolmer.lu\/wp-content\/uploads\/2019\/06\/Ha\u0308renCoupe2019-768x498.png 768w\" sizes=\"auto, (max-width: 1024px) 100vw, 1024px\" \/><\/figure>\n\n\n\n<figure class=\"wp-block-image\"><img loading=\"lazy\" decoding=\"async\" width=\"1024\" height=\"683\" src=\"https:\/\/www.indiaca-kolmer.lu\/wp-content\/uploads\/2019\/12\/193527-1024x683.jpg\" alt=\"\" class=\"wp-image-1472\" srcset=\"https:\/\/www.indiaca-kolmer.lu\/wp-content\/uploads\/2019\/12\/193527-1024x683.jpg 1024w, https:\/\/www.indiaca-kolmer.lu\/wp-content\/uploads\/2019\/12\/193527-300x200.jpg 300w, https:\/\/www.indiaca-kolmer.lu\/wp-content\/uploads\/2019\/12\/193527-768x512.jpg 768w, https:\/\/www.indiaca-kolmer.lu\/wp-content\/uploads\/2019\/12\/193527.jpg 1200w\" sizes=\"auto, (max-width: 1024px) 100vw, 1024px\" \/><\/figure>\n","protected":false},"excerpt":{"rendered":"<p>Saison 2019\/20 Saison 2018\/19 D\u00ebst Joer kruten mer d\u00e9i 3. Plaaz bei den H\u00e4eren an der Coupe \ud83d\ude42<\/p>\n","protected":false},"author":2,"featured_media":0,"parent":0,"menu_order":0,"comment_status":"closed","ping_status":"closed","template":"","meta":{"footnotes":""},"class_list":["post-1029","page","type-page","status-publish","hentry"],"_links":{"self":[{"href":"https:\/\/www.indiaca-kolmer.lu\/index.php\/wp-json\/wp\/v2\/pages\/1029","targetHints":{"allow":["GET"]}}],"collection":[{"href":"https:\/\/www.indiaca-kolmer.lu\/index.php\/wp-json\/wp\/v2\/pages"}],"about":[{"href":"https:\/\/www.indiaca-kolmer.lu\/index.php\/wp-json\/wp\/v2\/types\/page"}],"author":[{"embeddable":true,"href":"https:\/\/www.indiaca-kolmer.lu\/index.php\/wp-json\/wp\/v2\/users\/2"}],"replies":[{"embeddable":true,"href":"https:\/\/www.indiaca-kolmer.lu\/index.php\/wp-json\/wp\/v2\/comments?post=1029"}],"version-history":[{"count":4,"href":"https:\/\/www.indiaca-kolmer.lu\/index.php\/wp-json\/wp\/v2\/pages\/1029\/revisions"}],"predecessor-version":[{"id":1475,"href":"https:\/\/www.indiaca-kolmer.lu\/index.php\/wp-json\/wp\/v2\/pages\/1029\/revisions\/1475"}],"wp:attachment":[{"href":"https:\/\/www.indiaca-kolmer.lu\/index.php\/wp-json\/wp\/v2\/media?parent=1029"}],"curies":[{"name":"wp","href":"https:\/\/api.w.org\/{rel}","templated":true}]}}